{"id":111,"date":"2025-06-04T07:40:55","date_gmt":"2025-06-04T07:40:55","guid":{"rendered":"https:\/\/helsebanken.net\/?page_id=111"},"modified":"2025-11-04T11:51:23","modified_gmt":"2025-11-04T11:51:23","slug":"111-2","status":"publish","type":"page","link":"https:\/\/helsebanken.net\/","title":{"rendered":"Hjem"},"content":{"rendered":"<div class=\"et_pb_section_0 et_pb_section et_section_regular et_block_section preset--module--divi-section--74c69059-8e69-4122-b1e6-dfeabf6c5711\">\n<div class=\"et_pb_row_0 et_pb_row et_block_row preset--module--divi-row--5138c454-be54-4233-bd3b-f8e6a8747976\">\n<div class=\"et_pb_column_0 et_pb_column et_pb_column_4_4 et-last-child et_block_column et_pb_css_mix_blend_mode_passthrough preset--module--divi-column--73121f80-a3ef-4484-8763-c3f18e3c56d2\">\n<div class=\"et_pb_heading_0 et_pb_heading et_pb_module et_block_module preset--module--divi-heading--f0c675ea-2574-4d0e-b725-30f8550a8550\"><div class=\"et_pb_heading_container\"><\/div><\/div>\n\n<div class=\"et_pb_heading_1 et_pb_heading et_pb_module et_block_module preset--module--divi-heading--ddeb8c09-9078-4424-bc15-2efb6572e28e\"><div class=\"et_pb_heading_container\"><h1 class=\"et_pb_module_header\">Velkommen til Helsebanken!<\/h1><\/div><\/div>\n\n<div class=\"et_pb_text_0 et_pb_text et_pb_bg_layout_light et_pb_module et_block_module preset--module--divi-text--0504de1e-f5ff-4281-ba60-cbbe4edf98bc\"><div class=\"et_pb_text_inner\"><p style=\"text-align: center;\">Jeg tilbyr fysioterapi med personlig oppf\u00f8lging p\u00e5 Stokmarknes.<br data-start=\"1824\" data-end=\"1827\" \/>Hos meg f\u00e5r du individuell behandling, gruppebehandling og en trygg vei tilbake til bedre helse.<br data-start=\"1923\" data-end=\"1926\" \/>Ta kontakt \u2013 du trenger ingen henvisning!<\/p>\n<\/div><\/div>\n\n<div class=\"et_pb_module et_pb_button_module_wrapper et_pb_button_0_wrapper preset--module--divi-button--ab15fb74-61a3-43aa-96b3-41e09aeef654_wrapper\"><a class=\"et_pb_button_0 et_pb_button et_pb_bg_layout_light et_pb_module et_block_module preset--module--divi-button--ab15fb74-61a3-43aa-96b3-41e09aeef654\" href=\"tel:76151866\">Bestill Time<\/a><\/div>\n<\/div>\n<\/div>\n<\/div>\n\n<div class=\"et_pb_section_1 et_pb_section et_section_regular et_block_section\">\n<div class=\"et_pb_row_1 et_pb_row et_block_row preset--module--divi-row--5138c454-be54-4233-bd3b-f8e6a8747976\">\n<div class=\"et_pb_column_1 et_pb_column et_pb_column_4_4 et-last-child et_block_column et_pb_css_mix_blend_mode_passthrough preset--module--divi-column--73121f80-a3ef-4484-8763-c3f18e3c56d2\">\n<div class=\"et_pb_heading_2 et_pb_heading et_pb_module et_block_module preset--module--divi-heading--c33f07d9-41e0-421a-8799-5799df695cce\"><div class=\"et_pb_heading_container\"><h2 class=\"et_pb_module_header\">Tjenester<\/h2><\/div><\/div>\n\n<div class=\"et_pb_text_1 et_pb_text et_pb_bg_layout_light et_pb_module et_block_module preset--module--divi-text--2c55a9c4-feed-423b-9edb-ae0b5b365cac\"><div class=\"et_pb_text_inner\"><h3 data-start=\"93\" data-end=\"130\" style=\"text-align: left;\"><span style=\"font-size: large; font-family: inherit;\"><strong data-start=\"93\" data-end=\"130\">Individuell fysioterapibehandling<\/strong><\/span><\/h3>\n<p data-start=\"132\" data-end=\"400\" class=\"\" style=\"text-align: left;\">Jeg tilbyr tilpasset fysioterapibehandling for voksne og eldre, med fokus p\u00e5 \u00e5 redusere smerte, bedre funksjon og styrke kroppen din i hverdagen. Behandlingen starter alltid med en grundig unders\u00f8kelse, slik at vi sammen kan legge en plan som passer dine m\u00e5l og behov.<\/p>\n<p data-start=\"402\" data-end=\"443\" class=\"\" style=\"text-align: left;\">Vanlige problemstillinger jeg jobber med:<\/p>\n<ul>\n<li data-start=\"446\" data-end=\"477\" style=\"text-align: left;\">Nakke-, rygg- og skuldersmerter<\/li>\n<li data-start=\"480\" data-end=\"507\" style=\"text-align: left;\">Hofte- og kneplager<\/li>\n<li data-start=\"510\" data-end=\"545\" style=\"text-align: left;\">Belastningsskader og overbelastning<\/li>\n<li data-start=\"548\" data-end=\"586\" style=\"text-align: left;\">Opptrening etter skade eller operasjon<\/li>\n<li data-start=\"589\" data-end=\"625\" style=\"text-align: left;\">Langvarige muskel- og skjelettplager<\/li>\n<\/ul>\n<h3 data-start=\"627\" data-end=\"647\" style=\"text-align: left;\"><span style=\"font-size: large;\"><strong data-start=\"627\" data-end=\"647\">Gruppebehandling<\/strong><\/span><\/h3>\n<p data-start=\"649\" data-end=\"836\" class=\"\" style=\"text-align: left;\">Jeg tilbyr ogs\u00e5 gruppebehandling for deg som \u00f8nsker trygg trening i et sosialt fellesskap. Gruppene fokuserer p\u00e5 styrke, balanse og bevegelighet.<\/p>\n<p data-start=\"838\" data-end=\"868\" class=\"\" style=\"text-align: left;\">Fordeler med gruppebehandling:<\/p>\n<ul>\n<li data-start=\"871\" data-end=\"896\" style=\"text-align: left;\">Trygg og effektiv trening<\/li>\n<li data-start=\"899\" data-end=\"932\" style=\"text-align: left;\">Motivasjon i fellesskap med andre<\/li>\n<li data-start=\"935\" data-end=\"973\" style=\"text-align: left;\">Fokus p\u00e5 forebygging av plager og fall<\/li>\n<\/ul>\n<h3 data-start=\"975\" data-end=\"1001\" style=\"text-align: left;\"><span style=\"font-size: large;\"><strong data-start=\"975\" data-end=\"1001\">Henvisning og betaling<\/strong><\/span><\/h3>\n<p data-start=\"1003\" data-end=\"1157\" class=\"\" style=\"text-align: left;\">Hos Helsebanken trenger du ingen henvisning for \u00e5 starte behandling.<br data-start=\"1071\" data-end=\"1074\" \/>Jeg har driftsavtale med kommunen, og du betaler kun en egenandel.<\/p>\n<\/div><\/div>\n<\/div>\n<\/div>\n\n<div class=\"et_pb_row_2 et_pb_row et_block_row\">\n<div class=\"et_pb_column_2 et_pb_column et_pb_column_4_4 et-last-child et_block_column et_pb_css_mix_blend_mode_passthrough\">\n<div class=\"et_pb_text_2 et_pb_text et_pb_bg_layout_light et_pb_module et_block_module\"><div class=\"et_pb_text_inner\"><h1 style=\"text-align: center;\">\u00c5pningstider<\/h1>\n<p style=\"text-align: center;\">Mandag til torsdag: 08:00 - 15:30<br \/>Fredag: 0800 - 12:00<\/p>\n<\/div><\/div>\n<\/div>\n<\/div>\n<\/div>\n\n<div class=\"et_pb_section_2 et_pb_section et_section_regular et_block_section\">\n<div class=\"et_pb_row_3 et_pb_row et_block_row preset--module--divi-row--048d8e79-b07f-439b-bd57-f41c14f0a56b\">\n<div class=\"et_pb_column_3 et_pb_column et_pb_column_4_4 et-last-child et_block_column et_pb_css_mix_blend_mode_passthrough\">\n<div class=\"et_pb_heading_3 et_pb_heading et_pb_module et_block_module preset--module--divi-heading--c33f07d9-41e0-421a-8799-5799df695cce\"><div class=\"et_pb_heading_container\"><h2 class=\"et_pb_module_header\">Om Helsebanken<\/h2><\/div><\/div>\n\n<div class=\"et_pb_text_3 et_pb_text et_pb_bg_layout_light et_pb_module et_block_module preset--module--divi-text--2c55a9c4-feed-423b-9edb-ae0b5b365cac\"><div class=\"et_pb_text_inner\"><p>Helsebanken er lokalisert p\u00e5 Stokmarknes og har lang erfaring innen fysioterapi. Min filosofi er \u00e5 tilby helhetlig behandling som fremmer b\u00e5de fysisk og mental velv\u00e6re. Jeg har en driftsavtale med kommunen, noe som gj\u00f8r v\u00e5re tjenester tilgjengelige for alle.<\/p>\n<\/div><\/div>\n\n<div class=\"et_pb_team_member_0 et_pb_team_member et_pb_bg_layout_light et_pb_module et_flex_module\"><div class=\"et_pb_team_member_image et-waypoint et_pb_animation_off\"><img decoding=\"async\" src=\"data:image\/svg+xml;base64,PHN2ZyB3aWR0aD0iNTAwIiBoZWlnaHQ9IjUwMCIgdmlld0JveD0iMCAwIDUwMCA1MDAiIHhtbG5zPSJodHRwOi8vd3d3LnczLm9yZy8yMDAwL3N2ZyI+CiAgICA8ZyBmaWxsPSJub25lIiBmaWxsLXJ1bGU9ImV2ZW5vZGQiPgogICAgICAgIDxwYXRoIGZpbGw9IiNFQkVCRUIiIGQ9Ik0wIDBoNTAwdjUwMEgweiIvPgogICAgICAgIDxyZWN0IGZpbGwtb3BhY2l0eT0iLjEiIGZpbGw9IiMwMDAiIHg9IjY4IiB5PSIzMDUiIHdpZHRoPSIzNjQiIGhlaWdodD0iNTY4IiByeD0iMTgyIi8+CiAgICAgICAgPGNpcmNsZSBmaWxsLW9wYWNpdHk9Ii4xIiBmaWxsPSIjMDAwIiBjeD0iMjQ5IiBjeT0iMTcyIiByPSIxMDAiLz4KICAgIDwvZz4KPC9zdmc+Cg==\" alt=\"Gustaf Hvaring\" \/><\/div><div class=\"et_pb_team_member_description\"><h3 class=\"et_pb_module_header\">Gustaf Hvaring<\/h3><p class=\"et_pb_member_position\">Fysioterapeut, MSc i muskelskjeletthelse<\/p><div class=\"et_pb_team_member_description_content\"><p data-start=\"177\" data-end=\"630\">Jeg har bred erfaring fra b\u00e5de offentlig og privat praksis, og har jobbet med et variert spekter av pasienter \u2013 fra unge til eldre. Han har en mastergrad i helsevitenskap med spesialisering i fysioterapi for muskelskjeletthelse fra OsloMet, og videreutdanning innen blant annet trening, smertebehandling, nevrologisk rehabilitering og helsekommunikasjon. Jeg er spesielt opptatt av \u00e5 tilby individuell og kunnskapsbasert oppf\u00f8lging tilpasset den enkeltes behov og m\u00e5l.<\/p>\n<\/div><\/div><\/div>\n<\/div>\n<\/div>\n<\/div>\n\n<div class=\"et_pb_section_3 et_pb_section et_section_regular et_block_section\">\n<div class=\"et_pb_row_4 et_pb_row et_block_row preset--module--divi-row--5138c454-be54-4233-bd3b-f8e6a8747976\">\n<div class=\"et_pb_column_4 et_pb_column et_pb_column_4_4 et-last-child et_block_column et_pb_css_mix_blend_mode_passthrough preset--module--divi-column--73121f80-a3ef-4484-8763-c3f18e3c56d2\">\n<div class=\"et_pb_heading_4 et_pb_heading et_pb_module et_block_module preset--module--divi-heading--c33f07d9-41e0-421a-8799-5799df695cce\"><div class=\"et_pb_heading_container\"><h2 class=\"et_pb_module_header\">Vanlige sp\u00f8rsm\u00e5l<\/h2><\/div><\/div>\n<\/div>\n<\/div>\n\n<div class=\"et_pb_row_5 et_pb_row et_block_row preset--module--divi-row--5138c454-be54-4233-bd3b-f8e6a8747976\">\n<div class=\"et_pb_column_5 et_pb_column et_pb_column_1_3 et_block_column et_pb_css_mix_blend_mode_passthrough preset--module--divi-column--73121f80-a3ef-4484-8763-c3f18e3c56d2\">\n<div class=\"et_pb_blurb_0 et_pb_blurb et_pb_bg_layout_light et_pb_blurb_position_left et_pb_module et_block_module ai_ignore_font_icon preset--module--divi-blurb--c4be762d-d134-408e-b49a-ae764af14c39\"><div class=\"et_pb_blurb_content\"><div class=\"et_pb_main_blurb_image\"><span class=\"et_pb_image_wrap\"><span class=\"et-pb-icon\">u<\/span><\/span><\/div><div class=\"et_pb_blurb_container\"><h4 class=\"et_pb_module_header\">Hvordan kan fysioterapi hjelpe meg?<\/h4><div class=\"et_pb_blurb_description\"><p>Fysioterapi er en behandlingsform som fokuserer p\u00e5 \u00e5 forbedre bevegelse og funksjon gjennom \u00f8velser, manuell terapi og r\u00e5dgivning. Det er nyttig for \u00e5 h\u00e5ndtere smerte, forbedre mobilitet og fremme generell helse.<\/p>\n<\/div><\/div><\/div><\/div>\n<\/div>\n\n<div class=\"et_pb_column_6 et_pb_column et_pb_column_1_3 et_block_column et_pb_css_mix_blend_mode_passthrough preset--module--divi-column--73121f80-a3ef-4484-8763-c3f18e3c56d2\">\n<div class=\"et_pb_blurb_1 et_pb_blurb et_pb_bg_layout_light et_pb_blurb_position_left et_pb_module et_block_module ai_ignore_font_icon preset--module--divi-blurb--c4be762d-d134-408e-b49a-ae764af14c39\"><div class=\"et_pb_blurb_content\"><div class=\"et_pb_main_blurb_image\"><span class=\"et_pb_image_wrap\"><span class=\"et-pb-icon\">u<\/span><\/span><\/div><div class=\"et_pb_blurb_container\"><h4 class=\"et_pb_module_header\">Trenger jeg en henvisning for \u00e5 f\u00e5 fysioterapi?<\/h4><div class=\"et_pb_blurb_description\"><p>Nei, du trenger ikke en henvisning for \u00e5 bestille time hos oss. Du kan kontakte oss direkte for \u00e5 avtale en konsultasjon.<\/p>\n<\/div><\/div><\/div><\/div>\n<\/div>\n\n<div class=\"et_pb_column_7 et_pb_column et_pb_column_1_3 et-last-child et_block_column et_pb_css_mix_blend_mode_passthrough preset--module--divi-column--73121f80-a3ef-4484-8763-c3f18e3c56d2\">\n<div class=\"et_pb_blurb_2 et_pb_blurb et_pb_bg_layout_light et_pb_blurb_position_left et_pb_module et_block_module ai_ignore_font_icon preset--module--divi-blurb--c4be762d-d134-408e-b49a-ae764af14c39\"><div class=\"et_pb_blurb_content\"><div class=\"et_pb_main_blurb_image\"><span class=\"et_pb_image_wrap\"><span class=\"et-pb-icon\">u<\/span><\/span><\/div><div class=\"et_pb_blurb_container\"><h4 class=\"et_pb_module_header\">Hva kan jeg forvente under en fysioterapitime?<\/h4><div class=\"et_pb_blurb_description\"><p>Under en fysioterapitime vil terapeuten vurdere din fysiske tilstand, diskutere dine m\u00e5l, og utvikle en behandlingsplan som er skreddersydd for dine behov.<\/p>\n<\/div><\/div><\/div><\/div>\n<\/div>\n<\/div>\n\n<div class=\"et_pb_row_6 et_pb_row et_block_row preset--module--divi-row--5138c454-be54-4233-bd3b-f8e6a8747976\">\n<div class=\"et_pb_column_8 et_pb_column et_pb_column_1_3 et_block_column et_pb_css_mix_blend_mode_passthrough preset--module--divi-column--73121f80-a3ef-4484-8763-c3f18e3c56d2\">\n<div class=\"et_pb_blurb_3 et_pb_blurb et_pb_bg_layout_light et_pb_blurb_position_left et_pb_module et_block_module ai_ignore_font_icon preset--module--divi-blurb--c4be762d-d134-408e-b49a-ae764af14c39\"><div class=\"et_pb_blurb_content\"><div class=\"et_pb_main_blurb_image\"><span class=\"et_pb_image_wrap\"><span class=\"et-pb-icon\">u<\/span><\/span><\/div><div class=\"et_pb_blurb_container\"><h4 class=\"et_pb_module_header\">Hvor lang tid varer en behandling?<\/h4><div class=\"et_pb_blurb_description\"><p>En typisk fysioterapitime varer mellom 30 til 60 minutter, avhengig av behandlingsplanen din.<\/p>\n<\/div><\/div><\/div><\/div>\n<\/div>\n\n<div class=\"et_pb_column_9 et_pb_column et_pb_column_1_3 et_block_column et_pb_css_mix_blend_mode_passthrough preset--module--divi-column--73121f80-a3ef-4484-8763-c3f18e3c56d2\">\n<div class=\"et_pb_blurb_4 et_pb_blurb et_pb_bg_layout_light et_pb_blurb_position_left et_pb_module et_block_module ai_ignore_font_icon preset--module--divi-blurb--c4be762d-d134-408e-b49a-ae764af14c39\"><div class=\"et_pb_blurb_content\"><div class=\"et_pb_main_blurb_image\"><span class=\"et_pb_image_wrap\"><span class=\"et-pb-icon\">u<\/span><\/span><\/div><div class=\"et_pb_blurb_container\"><h4 class=\"et_pb_module_header\">Hvordan kan jeg bestille en time?<\/h4><div class=\"et_pb_blurb_description\"><p>Du kan bestille en time ved \u00e5 ringe oss eller sende en e-post.<\/p>\n<\/div><\/div><\/div><\/div>\n<\/div>\n\n<div class=\"et_pb_column_10 et_pb_column et_pb_column_1_3 et-last-child et_block_column et_pb_css_mix_blend_mode_passthrough preset--module--divi-column--73121f80-a3ef-4484-8763-c3f18e3c56d2\">\n<div class=\"et_pb_blurb_5 et_pb_blurb et_pb_bg_layout_light et_pb_blurb_position_left et_pb_module et_block_module ai_ignore_font_icon preset--module--divi-blurb--c4be762d-d134-408e-b49a-ae764af14c39\"><div class=\"et_pb_blurb_content\"><div class=\"et_pb_main_blurb_image\"><span class=\"et_pb_image_wrap\"><span class=\"et-pb-icon\">u<\/span><\/span><\/div><div class=\"et_pb_blurb_container\"><h4 class=\"et_pb_module_header\">Hva b\u00f8r jeg ha p\u00e5 meg til timen?<\/h4><div class=\"et_pb_blurb_description\"><p>Vi anbefaler komfortable kl\u00e6r som gir deg fri bevegelse, slik at terapeuten kan vurdere og behandle deg effektivt.<\/p>\n<\/div><\/div><\/div><\/div>\n<\/div>\n<\/div>\n<\/div>\n\n<div class=\"et_pb_section_4 et_pb_section et_section_regular et_block_section\">\n<div class=\"et_pb_row_7 et_pb_row et_block_row\">\n<div class=\"et_pb_column_11 et_pb_column et_pb_column_1_3 et_block_column et_pb_css_mix_blend_mode_passthrough\">\n<div class=\"et_pb_blurb_6 et_pb_blurb et_pb_bg_layout_light et_pb_text_align_center et_pb_blurb_position_top et_pb_module et_block_module ai_ignore_all preset--module--divi-blurb--212b201d-2c34-41bd-936c-851b7357d08b\"><div class=\"et_pb_blurb_content\"><div class=\"et_pb_main_blurb_image\"><span class=\"et_pb_image_wrap\"><span class=\"et-pb-icon\">\ue090<\/span><\/span><\/div><div class=\"et_pb_blurb_container\"><h4 class=\"et_pb_module_header\">Telefon<\/h4><div class=\"et_pb_blurb_description\"><p><a href=\"tel:76151866\">76151866<\/a><\/p>\n<\/div><\/div><\/div><\/div>\n<\/div>\n\n<div class=\"et_pb_column_12 et_pb_column et_pb_column_1_3 et_block_column et_pb_css_mix_blend_mode_passthrough\">\n<div class=\"et_pb_blurb_7 et_pb_blurb et_pb_bg_layout_light et_pb_text_align_center et_pb_blurb_position_top et_pb_module et_block_module ai_ignore_all preset--module--divi-blurb--212b201d-2c34-41bd-936c-851b7357d08b\"><div class=\"et_pb_blurb_content\"><div class=\"et_pb_main_blurb_image\"><span class=\"et_pb_image_wrap\"><span class=\"et-pb-icon\">\uf0e0<\/span><\/span><\/div><div class=\"et_pb_blurb_container\"><h4 class=\"et_pb_module_header\">Epost<\/h4><div class=\"et_pb_blurb_description\"><p><span style=\"font-size: xx-large;\"><a href=\"mailto:post@helsebanken.net\">post@helsebanken.net<\/a><\/span><\/p>\n<\/div><\/div><\/div><\/div>\n<\/div>\n\n<div class=\"et_pb_column_13 et_pb_column et_pb_column_1_3 et-last-child et_block_column et_pb_css_mix_blend_mode_passthrough\">\n<div class=\"et_pb_blurb_8 et_pb_blurb et_pb_bg_layout_light et_pb_text_align_center et_pb_blurb_position_top et_pb_module et_block_module ai_ignore_all preset--module--divi-blurb--212b201d-2c34-41bd-936c-851b7357d08b\"><div class=\"et_pb_blurb_content\"><div class=\"et_pb_main_blurb_image\"><span class=\"et_pb_image_wrap\"><span class=\"et-pb-icon\">\uf3c5<\/span><\/span><\/div><div class=\"et_pb_blurb_container\"><h4 class=\"et_pb_module_header\">Adresse<\/h4><div class=\"et_pb_blurb_description\"><p>Helsebanken<br \/>Markedsgata 20B<br \/>8450 Stokmarknes<\/p>\n<\/div><\/div><\/div><\/div>\n<\/div>\n<\/div>\n<\/div>\n\n<div class=\"et_pb_section_5 et_pb_section et_section_regular et_block_section\">\n<div class=\"et_pb_row_8 et_pb_row et_block_row\">\n<div class=\"et_pb_column_14 et_pb_column et_pb_column_4_4 et-last-child et_block_column et_pb_css_mix_blend_mode_passthrough\">\n<div class=\"et_pb_map_0 et_pb_map_container et_pb_module et_flex_module\" data-grayscale=\"\"><div class=\"et_pb_map\" data-center-lat=\"68.5659693\" data-center-lng=\"14.9127548\" data-zoom=\"11\" data-mouse-wheel=\"on\" data-mobile-dragging=\"on\"><\/div>\n<div class=\"et_pb_map_pin_0 et_pb_map_pin\" data-lat=\"68.5659693\" data-lng=\"14.9127548\" data-title=\"\"><\/div>\n<\/div>\n<\/div>\n<\/div>\n<\/div>\n\n<div class=\"et_pb_section_6 et_pb_section et_section_regular et_block_section\">\n<div class=\"et_pb_row_9 et_pb_row et_pb_equal_columns et_block_row preset--module--divi-row--333b8a65-5730-490d-b80e-51611171c668\">\n<div class=\"et_pb_column_15 et_pb_column et_pb_column_3_5 et_block_column et_pb_css_mix_blend_mode_passthrough preset--module--divi-column--73121f80-a3ef-4484-8763-c3f18e3c56d2\">\n<div class=\"et_pb_heading_5 et_pb_heading et_pb_module et_block_module preset--module--divi-heading--c33f07d9-41e0-421a-8799-5799df695cce\"><div class=\"et_pb_heading_container\"><h2 class=\"et_pb_module_header\">Bestill din fysioterapitime i dag!<\/h2><\/div><\/div>\n\n<div class=\"et_pb_text_4 et_pb_text et_pb_bg_layout_light et_pb_module et_block_module preset--module--divi-text--0504de1e-f5ff-4281-ba60-cbbe4edf98bc\"><div class=\"et_pb_text_inner\"><p>Ikke vent med \u00e5 ta vare p\u00e5 helsen din. Kontakt oss i dag for \u00e5 f\u00e5 mer informasjon eller for \u00e5 bestille en time.<\/p>\n<\/div><\/div>\n<\/div>\n\n<div class=\"et_pb_column_16 et_pb_column et_pb_column_2_5 et-last-child et_block_column et_pb_css_mix_blend_mode_passthrough preset--module--divi-column--73121f80-a3ef-4484-8763-c3f18e3c56d2\">\n<div class=\"et_pb_module et_pb_button_module_wrapper et_pb_button_1_wrapper preset--module--divi-button--ab15fb74-61a3-43aa-96b3-41e09aeef654_wrapper\"><a class=\"et_pb_button_1 et_pb_button et_pb_bg_layout_light et_pb_module et_block_module preset--module--divi-button--ab15fb74-61a3-43aa-96b3-41e09aeef654\" href=\"tel:76151866\">Ta kontakt<\/a><\/div>\n<\/div>\n<\/div>\n<\/div>","protected":false},"excerpt":{"rendered":"","protected":false},"author":1,"featured_media":0,"parent":0,"menu_order":0,"comment_status":"closed","ping_status":"closed","template":"","meta":{"footnotes":""},"class_list":["post-111","page","type-page","status-publish","hentry"],"_links":{"self":[{"href":"https:\/\/helsebanken.net\/index.php\/wp-json\/wp\/v2\/pages\/111","targetHints":{"allow":["GET"]}}],"collection":[{"href":"https:\/\/helsebanken.net\/index.php\/wp-json\/wp\/v2\/pages"}],"about":[{"href":"https:\/\/helsebanken.net\/index.php\/wp-json\/wp\/v2\/types\/page"}],"author":[{"embeddable":true,"href":"https:\/\/helsebanken.net\/index.php\/wp-json\/wp\/v2\/users\/1"}],"replies":[{"embeddable":true,"href":"https:\/\/helsebanken.net\/index.php\/wp-json\/wp\/v2\/comments?post=111"}],"version-history":[{"count":19,"href":"https:\/\/helsebanken.net\/index.php\/wp-json\/wp\/v2\/pages\/111\/revisions"}],"predecessor-version":[{"id":152,"href":"https:\/\/helsebanken.net\/index.php\/wp-json\/wp\/v2\/pages\/111\/revisions\/152"}],"wp:attachment":[{"href":"https:\/\/helsebanken.net\/index.php\/wp-json\/wp\/v2\/media?parent=111"}],"curies":[{"name":"wp","href":"https:\/\/api.w.org\/{rel}","templated":true}]}}